{"id":12563,"date":"2020-11-26T10:57:28","date_gmt":"2020-11-26T10:57:28","guid":{"rendered":"http:\/\/192.168.0.108\/braintech\/?page_id=12563"},"modified":"2026-04-16T13:35:12","modified_gmt":"2026-04-16T16:35:12","slug":"telefonia","status":"publish","type":"page","link":"https:\/\/gox.com.br\/para-empresas\/produtos-e-servicos\/telefonia\/","title":{"rendered":"Telefonia"},"content":{"rendered":"\t\t<div data-elementor-type=\"wp-page\" data-elementor-id=\"12563\" class=\"elementor elementor-12563\" data-elementor-post-type=\"page\">\n\t\t\t\t\t\t<section class=\"elementor-section elementor-top-section elementor-element elementor-element-ba2f077 elementor-section-stretched elementor-section-boxed elementor-section-height-default elementor-section-height-default wpr-particle-no wpr-jarallax-no wpr-parallax-no wpr-sticky-section-no wpr-equal-height-no\" data-id=\"ba2f077\" data-element_type=\"section\" data-e-type=\"section\" data-settings=\"{&quot;stretch_section&quot;:&quot;section-stretched&quot;,&quot;background_background&quot;:&quot;classic&quot;}\">\n\t\t\t\t\t\t<div class=\"elementor-container elementor-column-gap-default\">\n\t\t\t\t\t<div class=\"elementor-column elementor-col-100 elementor-top-column elementor-element elementor-element-4930a7f\" data-id=\"4930a7f\" data-element_type=\"column\" data-e-type=\"column\">\n\t\t\t<div class=\"elementor-widget-wrap elementor-element-populated\">\n\t\t\t\t\t\t<section class=\"elementor-section elementor-inner-section elementor-element elementor-element-51ce4cb elementor-section-boxed elementor-section-height-default elementor-section-height-default wpr-particle-no wpr-jarallax-no wpr-parallax-no wpr-sticky-section-no wpr-equal-height-no\" data-id=\"51ce4cb\" data-element_type=\"section\" data-e-type=\"section\">\n\t\t\t\t\t\t<div class=\"elementor-container elementor-column-gap-default\">\n\t\t\t\t\t<div class=\"elementor-column elementor-col-100 elementor-inner-column elementor-element elementor-element-0b4bb41\" data-id=\"0b4bb41\" data-element_type=\"column\" data-e-type=\"column\">\n\t\t\t<div class=\"elementor-widget-wrap elementor-element-populated\">\n\t\t\t\t\t\t<div class=\"elementor-element elementor-element-94112cd elementor-widget elementor-widget-rs-heading\" data-id=\"94112cd\" data-element_type=\"widget\" data-e-type=\"widget\" data-widget_type=\"rs-heading.default\">\n\t\t\t\t<div class=\"elementor-widget-container\">\n\t\t\t\t\t        <div class=\"rs-heading default left \">\r\n        \t<div class=\"title-inner\">        \t\t      \t\t\r\n\t            <h2 class=\"title\"><span class=\"watermark\"><\/span>Plano de telefone fixo com liga\u00e7\u00f5es ilimitadas<\/h2>\t\t\t\t\t        <\/div>\r\n\t                <\/div>\r\n\r\n        \t\t\t\t<\/div>\n\t\t\t\t<\/div>\n\t\t\t\t\t<\/div>\n\t\t<\/div>\n\t\t\t\t\t<\/div>\n\t\t<\/section>\n\t\t\t\t<section class=\"elementor-section elementor-inner-section elementor-element elementor-element-85342a9 elementor-section-boxed elementor-section-height-default elementor-section-height-default wpr-particle-no wpr-jarallax-no wpr-parallax-no wpr-sticky-section-no wpr-equal-height-no\" data-id=\"85342a9\" data-element_type=\"section\" data-e-type=\"section\">\n\t\t\t\t\t\t<div class=\"elementor-container elementor-column-gap-default\">\n\t\t\t\t\t<div class=\"elementor-column elementor-col-33 elementor-inner-column elementor-element elementor-element-ac18694\" data-id=\"ac18694\" data-element_type=\"column\" data-e-type=\"column\">\n\t\t\t<div class=\"elementor-widget-wrap\">\n\t\t\t\t\t\t\t<\/div>\n\t\t<\/div>\n\t\t\t\t<div class=\"elementor-column elementor-col-33 elementor-inner-column elementor-element elementor-element-d317926\" data-id=\"d317926\" data-element_type=\"column\" data-e-type=\"column\">\n\t\t\t<div class=\"elementor-widget-wrap elementor-element-populated\">\n\t\t\t\t\t\t<div class=\"elementor-element elementor-element-ebadf91 e-transform elementor-widget elementor-widget-rsprice\" data-id=\"ebadf91\" data-element_type=\"widget\" data-e-type=\"widget\" data-settings=\"{&quot;_transform_skewX_effect&quot;:{&quot;unit&quot;:&quot;px&quot;,&quot;size&quot;:&quot;&quot;,&quot;sizes&quot;:[]},&quot;_transform_skewX_effect_tablet&quot;:{&quot;unit&quot;:&quot;deg&quot;,&quot;size&quot;:&quot;&quot;,&quot;sizes&quot;:[]},&quot;_transform_skewX_effect_mobile&quot;:{&quot;unit&quot;:&quot;deg&quot;,&quot;size&quot;:&quot;&quot;,&quot;sizes&quot;:[]},&quot;_transform_skewY_effect&quot;:{&quot;unit&quot;:&quot;px&quot;,&quot;size&quot;:&quot;&quot;,&quot;sizes&quot;:[]},&quot;_transform_skewY_effect_tablet&quot;:{&quot;unit&quot;:&quot;deg&quot;,&quot;size&quot;:&quot;&quot;,&quot;sizes&quot;:[]},&quot;_transform_skewY_effect_mobile&quot;:{&quot;unit&quot;:&quot;deg&quot;,&quot;size&quot;:&quot;&quot;,&quot;sizes&quot;:[]}}\" data-widget_type=\"rsprice.default\">\n\t\t\t\t<div class=\"elementor-widget-container\">\n\t\t\t\t\t        \n\n\n        <div class=\"rs-price-table\"> \n            \n\n            \n                                        \n\n            <div class=\"rs-pricing-table-header\">\n                                    <h3 class=\"rs-pricing-table-title\">GOX Voz - 1 linha<\/h3>\n                            <\/div>\n\n            \n\n\n            <div class=\"rs-pricing-table-price display-inline\">\n                <div class=\"rs-pricing-table-price-tag\">\n                    <span class=\"rs-pricing-table-currency\"><\/span><span class=\"rs-pricing-table-price-text\">19,90<\/span><span class=\"rs-pricing-table-period\">m\u00eas<\/span>\n                <\/div>\n            <\/div>\n\n                            <div class=\"short-desc\">Telefonia fixa com liga\u00e7\u00e3o local ILIMITADA<\/div>\n            \n            <div class=\"rs-pricing-table-body\">\n                \n                                    <ul class=\"rs-pricing-table-features-list left\">\n                                                    <li class=\"elementor-repeater-item-6e9b51e\">\n                            \t\t                                    <i class=\"fa fa-check\"><\/i>\n\n\t                            \n                                <span class=\"rs-pricing-table-feature-text\">Identificador de chamadas<\/span>\n                            <\/li>\n                                                    <li class=\"elementor-repeater-item-b183774\">\n                            \t\t                                    <i class=\"fa fa-check\"><\/i>\n\n\t                            \n                                <span class=\"rs-pricing-table-feature-text\">Portabilidade de outra operadora<\/span>\n                            <\/li>\n                                            <\/ul>\n                            <\/div>\n\n                            <div class=\"btn-part\">\n                    <a class=\"rs-pricing-table-btn\" href=\"https:\/\/gox.com.br\/para-empresas\/para-voce\/contratacao-online\/?wpf23820_31=GOX%20VOZ%20-%201%20LINHA%20-%20R$%2019,90\">Contratar                                        <\/a>\n                <\/div>\n                    <\/div>\n        \t\t\t\t<\/div>\n\t\t\t\t<\/div>\n\t\t\t\t\t<\/div>\n\t\t<\/div>\n\t\t\t\t<div class=\"elementor-column elementor-col-33 elementor-inner-column elementor-element elementor-element-35f483c\" data-id=\"35f483c\" data-element_type=\"column\" data-e-type=\"column\">\n\t\t\t<div class=\"elementor-widget-wrap\">\n\t\t\t\t\t\t\t<\/div>\n\t\t<\/div>\n\t\t\t\t\t<\/div>\n\t\t<\/section>\n\t\t\t\t\t<\/div>\n\t\t<\/div>\n\t\t\t\t\t<\/div>\n\t\t<\/section>\n\t\t\t\t<section class=\"elementor-section elementor-top-section elementor-element elementor-element-689c537 elementor-section-stretched elementor-section-boxed elementor-section-height-default elementor-section-height-default wpr-particle-no wpr-jarallax-no wpr-parallax-no wpr-sticky-section-no wpr-equal-height-no\" data-id=\"689c537\" data-element_type=\"section\" data-e-type=\"section\" data-settings=\"{&quot;stretch_section&quot;:&quot;section-stretched&quot;,&quot;background_background&quot;:&quot;classic&quot;}\">\n\t\t\t\t\t\t<div class=\"elementor-container elementor-column-gap-default\">\n\t\t\t\t\t<div class=\"elementor-column elementor-col-100 elementor-top-column elementor-element elementor-element-4a423fa\" data-id=\"4a423fa\" data-element_type=\"column\" data-e-type=\"column\">\n\t\t\t<div class=\"elementor-widget-wrap elementor-element-populated\">\n\t\t\t\t\t\t<section class=\"elementor-section elementor-inner-section elementor-element elementor-element-6ea4ec9 elementor-section-boxed elementor-section-height-default elementor-section-height-default wpr-particle-no wpr-jarallax-no wpr-parallax-no wpr-sticky-section-no wpr-equal-height-no\" data-id=\"6ea4ec9\" data-element_type=\"section\" data-e-type=\"section\">\n\t\t\t\t\t\t<div class=\"elementor-container elementor-column-gap-default\">\n\t\t\t\t\t<div class=\"elementor-column elementor-col-100 elementor-inner-column elementor-element elementor-element-2c375e1\" data-id=\"2c375e1\" data-element_type=\"column\" data-e-type=\"column\">\n\t\t\t<div class=\"elementor-widget-wrap elementor-element-populated\">\n\t\t\t\t\t\t<div class=\"elementor-element elementor-element-0989849 elementor-widget elementor-widget-rs-heading\" data-id=\"0989849\" data-element_type=\"widget\" data-e-type=\"widget\" data-widget_type=\"rs-heading.default\">\n\t\t\t\t<div class=\"elementor-widget-container\">\n\t\t\t\t\t        <div class=\"rs-heading default right \">\r\n        \t<div class=\"title-inner\">        \t\t      \t\t\r\n\t            \t\t\t\t\t        <\/div>\r\n\t                    \t<div class=\"description\">\r\n            \t\t<p>*Para o funcionamento deste servi\u00e7o \u00e9 necess\u00e1rio possuir algum de nossos planos de internet via fibra \u00f3ptica.<\/p>            \t\t\r\n            \t<\/div>\r\n        \t        <\/div>\r\n\r\n        \t\t\t\t<\/div>\n\t\t\t\t<\/div>\n\t\t\t\t\t<\/div>\n\t\t<\/div>\n\t\t\t\t\t<\/div>\n\t\t<\/section>\n\t\t\t\t\t<\/div>\n\t\t<\/div>\n\t\t\t\t\t<\/div>\n\t\t<\/section>\n\t\t\t\t<\/div>\n\t\t","protected":false},"excerpt":{"rendered":"<p>Plano de telefone fixo com liga\u00e7\u00f5es ilimitadas GOX Voz &#8211; 1 linha 19,90m\u00eas Telefonia fixa com liga\u00e7\u00e3o local ILIMITADA Identificador de chamadas Portabilidade de outra operadora Contratar *Para o funcionamento deste servi\u00e7o \u00e9 necess\u00e1rio possuir algum de nossos planos de internet via fibra \u00f3ptica.<\/p>\n","protected":false},"author":1,"featured_media":0,"parent":11559,"menu_order":0,"comment_status":"closed","ping_status":"closed","template":"","meta":{"footnotes":""},"class_list":["post-12563","page","type-page","status-publish","hentry"],"yoast_head":"<!-- This site is optimized with the Yoast SEO Premium plugin v21.9 (Yoast SEO v21.9.1) - https:\/\/yoast.com\/wordpress\/plugins\/seo\/ -->\n<title>Telefonia - GOX<\/title>\n<meta name=\"robots\" content=\"index, follow, max-snippet:-1, max-image-preview:large, max-video-preview:-1\" \/>\n<link rel=\"canonical\" href=\"https:\/\/gox.com.br\/para-empresas\/produtos-e-servicos\/telefonia\/\" \/>\n<meta property=\"og:locale\" content=\"pt_BR\" \/>\n<meta property=\"og:type\" content=\"article\" \/>\n<meta property=\"og:title\" content=\"Telefonia\" \/>\n<meta property=\"og:description\" content=\"Plano de telefone fixo com liga\u00e7\u00f5es ilimitadas GOX Voz &#8211; 1 linha 19,90m\u00eas Telefonia fixa com liga\u00e7\u00e3o local ILIMITADA Identificador de chamadas Portabilidade de outra operadora Contratar *Para o funcionamento deste servi\u00e7o \u00e9 necess\u00e1rio possuir algum de nossos planos de internet via fibra \u00f3ptica.\" \/>\n<meta property=\"og:url\" content=\"https:\/\/gox.com.br\/para-empresas\/produtos-e-servicos\/telefonia\/\" \/>\n<meta property=\"og:site_name\" content=\"GOX\" \/>\n<meta property=\"article:publisher\" content=\"https:\/\/www.facebook.com\/goxinternet\" \/>\n<meta property=\"article:modified_time\" content=\"2026-04-16T16:35:12+00:00\" \/>\n<meta property=\"og:image\" content=\"https:\/\/gox.com.br\/para-empresas\/wp-content\/uploads\/2024\/02\/GOX-icon-roxo.jpg\" \/>\n\t<meta property=\"og:image:width\" content=\"1080\" \/>\n\t<meta property=\"og:image:height\" content=\"1080\" \/>\n\t<meta property=\"og:image:type\" content=\"image\/jpeg\" \/>\n<meta name=\"twitter:card\" content=\"summary_large_image\" \/>\n<meta name=\"twitter:label1\" content=\"Est. tempo de leitura\" \/>\n\t<meta name=\"twitter:data1\" content=\"1 minuto\" \/>\n<script type=\"application\/ld+json\" class=\"yoast-schema-graph\">{\"@context\":\"https:\/\/schema.org\",\"@graph\":[{\"@type\":\"WebPage\",\"@id\":\"https:\/\/gox.com.br\/para-empresas\/produtos-e-servicos\/telefonia\/\",\"url\":\"https:\/\/gox.com.br\/para-empresas\/produtos-e-servicos\/telefonia\/\",\"name\":\"Telefonia - GOX\",\"isPartOf\":{\"@id\":\"https:\/\/gox.com.br\/para-empresas\/#website\"},\"datePublished\":\"2020-11-26T10:57:28+00:00\",\"dateModified\":\"2026-04-16T16:35:12+00:00\",\"breadcrumb\":{\"@id\":\"https:\/\/gox.com.br\/para-empresas\/produtos-e-servicos\/telefonia\/#breadcrumb\"},\"inLanguage\":\"pt-BR\",\"potentialAction\":[{\"@type\":\"ReadAction\",\"target\":[\"https:\/\/gox.com.br\/para-empresas\/produtos-e-servicos\/telefonia\/\"]}]},{\"@type\":\"BreadcrumbList\",\"@id\":\"https:\/\/gox.com.br\/para-empresas\/produtos-e-servicos\/telefonia\/#breadcrumb\",\"itemListElement\":[{\"@type\":\"ListItem\",\"position\":1,\"name\":\"In\u00edcio\",\"item\":\"https:\/\/gox.com.br\/para-empresas\/\"},{\"@type\":\"ListItem\",\"position\":2,\"name\":\"Produtos e Servi\u00e7os\",\"item\":\"https:\/\/gox.com.br\/para-empresas\/para-voce__trashed\/produtos-e-servicos\/\"},{\"@type\":\"ListItem\",\"position\":3,\"name\":\"Telefonia\"}]},{\"@type\":\"WebSite\",\"@id\":\"https:\/\/gox.com.br\/para-empresas\/#website\",\"url\":\"https:\/\/gox.com.br\/para-empresas\/\",\"name\":\"GOX Internet\",\"description\":\"Solu\u00e7\u00f5es em Conectividade, Telefonia, Servi\u00e7os Digitais, Cloud e Data Center\",\"publisher\":{\"@id\":\"https:\/\/gox.com.br\/para-empresas\/#organization\"},\"alternateName\":\"GOX\",\"potentialAction\":[{\"@type\":\"SearchAction\",\"target\":{\"@type\":\"EntryPoint\",\"urlTemplate\":\"https:\/\/gox.com.br\/para-empresas\/?s={search_term_string}\"},\"query-input\":\"required name=search_term_string\"}],\"inLanguage\":\"pt-BR\"},{\"@type\":\"Organization\",\"@id\":\"https:\/\/gox.com.br\/para-empresas\/#organization\",\"name\":\"GOX Internet\",\"alternateName\":\"GOX\",\"url\":\"https:\/\/gox.com.br\/para-empresas\/\",\"logo\":{\"@type\":\"ImageObject\",\"inLanguage\":\"pt-BR\",\"@id\":\"https:\/\/gox.com.br\/para-empresas\/#\/schema\/logo\/image\/\",\"url\":\"https:\/\/gox.com.br\/para-empresas\/wp-content\/uploads\/2023\/01\/logo.png\",\"contentUrl\":\"https:\/\/gox.com.br\/para-empresas\/wp-content\/uploads\/2023\/01\/logo.png\",\"width\":112,\"height\":112,\"caption\":\"GOX Internet\"},\"image\":{\"@id\":\"https:\/\/gox.com.br\/para-empresas\/#\/schema\/logo\/image\/\"},\"sameAs\":[\"https:\/\/www.facebook.com\/goxinternet\",\"https:\/\/www.instagram.com\/goxinternet\/\"]}]}<\/script>\n<!-- \/ Yoast SEO Premium plugin. -->","yoast_head_json":{"title":"Telefonia - GOX","robots":{"index":"index","follow":"follow","max-snippet":"max-snippet:-1","max-image-preview":"max-image-preview:large","max-video-preview":"max-video-preview:-1"},"canonical":"https:\/\/gox.com.br\/para-empresas\/produtos-e-servicos\/telefonia\/","og_locale":"pt_BR","og_type":"article","og_title":"Telefonia","og_description":"Plano de telefone fixo com liga\u00e7\u00f5es ilimitadas GOX Voz &#8211; 1 linha 19,90m\u00eas Telefonia fixa com liga\u00e7\u00e3o local ILIMITADA Identificador de chamadas Portabilidade de outra operadora Contratar *Para o funcionamento deste servi\u00e7o \u00e9 necess\u00e1rio possuir algum de nossos planos de internet via fibra \u00f3ptica.","og_url":"https:\/\/gox.com.br\/para-empresas\/produtos-e-servicos\/telefonia\/","og_site_name":"GOX","article_publisher":"https:\/\/www.facebook.com\/goxinternet","article_modified_time":"2026-04-16T16:35:12+00:00","og_image":[{"width":1080,"height":1080,"url":"https:\/\/gox.com.br\/para-empresas\/wp-content\/uploads\/2024\/02\/GOX-icon-roxo.jpg","type":"image\/jpeg"}],"twitter_card":"summary_large_image","twitter_misc":{"Est. tempo de leitura":"1 minuto"},"schema":{"@context":"https:\/\/schema.org","@graph":[{"@type":"WebPage","@id":"https:\/\/gox.com.br\/para-empresas\/produtos-e-servicos\/telefonia\/","url":"https:\/\/gox.com.br\/para-empresas\/produtos-e-servicos\/telefonia\/","name":"Telefonia - GOX","isPartOf":{"@id":"https:\/\/gox.com.br\/para-empresas\/#website"},"datePublished":"2020-11-26T10:57:28+00:00","dateModified":"2026-04-16T16:35:12+00:00","breadcrumb":{"@id":"https:\/\/gox.com.br\/para-empresas\/produtos-e-servicos\/telefonia\/#breadcrumb"},"inLanguage":"pt-BR","potentialAction":[{"@type":"ReadAction","target":["https:\/\/gox.com.br\/para-empresas\/produtos-e-servicos\/telefonia\/"]}]},{"@type":"BreadcrumbList","@id":"https:\/\/gox.com.br\/para-empresas\/produtos-e-servicos\/telefonia\/#breadcrumb","itemListElement":[{"@type":"ListItem","position":1,"name":"In\u00edcio","item":"https:\/\/gox.com.br\/para-empresas\/"},{"@type":"ListItem","position":2,"name":"Produtos e Servi\u00e7os","item":"https:\/\/gox.com.br\/para-empresas\/para-voce__trashed\/produtos-e-servicos\/"},{"@type":"ListItem","position":3,"name":"Telefonia"}]},{"@type":"WebSite","@id":"https:\/\/gox.com.br\/para-empresas\/#website","url":"https:\/\/gox.com.br\/para-empresas\/","name":"GOX Internet","description":"Solu\u00e7\u00f5es em Conectividade, Telefonia, Servi\u00e7os Digitais, Cloud e Data Center","publisher":{"@id":"https:\/\/gox.com.br\/para-empresas\/#organization"},"alternateName":"GOX","potentialAction":[{"@type":"SearchAction","target":{"@type":"EntryPoint","urlTemplate":"https:\/\/gox.com.br\/para-empresas\/?s={search_term_string}"},"query-input":"required name=search_term_string"}],"inLanguage":"pt-BR"},{"@type":"Organization","@id":"https:\/\/gox.com.br\/para-empresas\/#organization","name":"GOX Internet","alternateName":"GOX","url":"https:\/\/gox.com.br\/para-empresas\/","logo":{"@type":"ImageObject","inLanguage":"pt-BR","@id":"https:\/\/gox.com.br\/para-empresas\/#\/schema\/logo\/image\/","url":"https:\/\/gox.com.br\/para-empresas\/wp-content\/uploads\/2023\/01\/logo.png","contentUrl":"https:\/\/gox.com.br\/para-empresas\/wp-content\/uploads\/2023\/01\/logo.png","width":112,"height":112,"caption":"GOX Internet"},"image":{"@id":"https:\/\/gox.com.br\/para-empresas\/#\/schema\/logo\/image\/"},"sameAs":["https:\/\/www.facebook.com\/goxinternet","https:\/\/www.instagram.com\/goxinternet\/"]}]}},"_links":{"self":[{"href":"https:\/\/gox.com.br\/para-empresas\/wp-json\/wp\/v2\/pages\/12563","targetHints":{"allow":["GET"]}}],"collection":[{"href":"https:\/\/gox.com.br\/para-empresas\/wp-json\/wp\/v2\/pages"}],"about":[{"href":"https:\/\/gox.com.br\/para-empresas\/wp-json\/wp\/v2\/types\/page"}],"author":[{"embeddable":true,"href":"https:\/\/gox.com.br\/para-empresas\/wp-json\/wp\/v2\/users\/1"}],"replies":[{"embeddable":true,"href":"https:\/\/gox.com.br\/para-empresas\/wp-json\/wp\/v2\/comments?post=12563"}],"version-history":[{"count":9,"href":"https:\/\/gox.com.br\/para-empresas\/wp-json\/wp\/v2\/pages\/12563\/revisions"}],"predecessor-version":[{"id":26858,"href":"https:\/\/gox.com.br\/para-empresas\/wp-json\/wp\/v2\/pages\/12563\/revisions\/26858"}],"up":[{"embeddable":true,"href":"https:\/\/gox.com.br\/para-empresas\/wp-json\/wp\/v2\/pages\/11559"}],"wp:attachment":[{"href":"https:\/\/gox.com.br\/para-empresas\/wp-json\/wp\/v2\/media?parent=12563"}],"curies":[{"name":"wp","href":"https:\/\/api.w.org\/{rel}","templated":true}]}}