{"id":17588,"date":"2020-12-20T08:32:00","date_gmt":"2020-12-20T08:32:00","guid":{"rendered":"https:\/\/keenitsolutions.com\/products\/wordpress\/braintech\/product\/import-placeholder-for-2348\/"},"modified":"2024-03-07T14:50:08","modified_gmt":"2024-03-07T17:50:08","slug":"white-lamp","status":"publish","type":"product","link":"https:\/\/gox.com.br\/para-empresas\/produto\/white-lamp\/","title":{"rendered":"White Lamp"},"content":{"rendered":"<p>It is a long established fact that a reader will be distracted by the readable content of a page when looking at its layout. The point of using Lorem Ipsum is that it has a more-or-less normal distribution of letters, as opposed to using &#8216;Content here, content here&#8217;, making it look like readable English. Many desktop publishing packages and web page editors now use Lorem Ipsum as their default model text, and a search for &#8216;lorem ipsum&#8217; will uncover many web sites still in their infancy. vel illum qui dolorem eum fugiat quo voluptas nulla pariatur<\/p>\n","protected":false},"excerpt":{"rendered":"<p>Duis aute irure dolor in reprehenderit in voluptate velit esse cillum dolore eu fugiat nulla pariatur. Excepteur sint occaecat cupidatat non proident, sunt in culpa qui officia deserunt mollit anim id est laborum.<\/p>\n","protected":false},"featured_media":17769,"comment_status":"open","ping_status":"closed","template":"","meta":[],"product_brand":[],"product_cat":[24],"product_tag":[],"class_list":{"0":"post-17588","1":"product","2":"type-product","3":"status-publish","4":"has-post-thumbnail","6":"product_cat-business","8":"first","9":"instock","10":"sale","11":"shipping-taxable","12":"purchasable","13":"product-type-simple"},"yoast_head":"<!-- This site is optimized with the Yoast SEO Premium plugin v21.9 (Yoast SEO v21.9.1) - https:\/\/yoast.com\/wordpress\/plugins\/seo\/ -->\n<title>White Lamp - GOX<\/title>\n<meta name=\"robots\" content=\"index, follow, max-snippet:-1, max-image-preview:large, max-video-preview:-1\" \/>\n<link rel=\"canonical\" href=\"https:\/\/gox.com.br\/para-empresas\/produto\/white-lamp\/\" \/>\n<meta property=\"og:locale\" content=\"pt_BR\" \/>\n<meta property=\"og:type\" content=\"article\" \/>\n<meta property=\"og:title\" content=\"White Lamp\" \/>\n<meta property=\"og:description\" content=\"Duis aute irure dolor in reprehenderit in voluptate velit esse cillum dolore eu fugiat nulla pariatur. Excepteur sint occaecat cupidatat non proident, sunt in culpa qui officia deserunt mollit anim id est laborum.\" \/>\n<meta property=\"og:url\" content=\"https:\/\/gox.com.br\/para-empresas\/produto\/white-lamp\/\" \/>\n<meta property=\"og:site_name\" content=\"GOX\" \/>\n<meta property=\"article:publisher\" content=\"https:\/\/www.facebook.com\/goxinternet\" \/>\n<meta property=\"article:modified_time\" content=\"2024-03-07T17:50:08+00:00\" \/>\n<meta property=\"og:image\" content=\"https:\/\/gox.com.br\/para-empresas\/wp-content\/uploads\/2020\/12\/shop_1..jpg\" \/>\n\t<meta property=\"og:image:width\" content=\"680\" \/>\n\t<meta property=\"og:image:height\" content=\"680\" \/>\n\t<meta property=\"og:image:type\" content=\"image\/jpeg\" \/>\n<meta name=\"twitter:card\" content=\"summary_large_image\" \/>\n<script type=\"application\/ld+json\" class=\"yoast-schema-graph\">{\"@context\":\"https:\/\/schema.org\",\"@graph\":[{\"@type\":\"WebPage\",\"@id\":\"https:\/\/gox.com.br\/para-empresas\/produto\/white-lamp\/\",\"url\":\"https:\/\/gox.com.br\/para-empresas\/produto\/white-lamp\/\",\"name\":\"White Lamp - GOX\",\"isPartOf\":{\"@id\":\"https:\/\/gox.com.br\/para-empresas\/#website\"},\"datePublished\":\"2020-12-20T08:32:00+00:00\",\"dateModified\":\"2024-03-07T17:50:08+00:00\",\"breadcrumb\":{\"@id\":\"https:\/\/gox.com.br\/para-empresas\/produto\/white-lamp\/#breadcrumb\"},\"inLanguage\":\"pt-BR\",\"potentialAction\":[{\"@type\":\"ReadAction\",\"target\":[\"https:\/\/gox.com.br\/para-empresas\/produto\/white-lamp\/\"]}]},{\"@type\":\"BreadcrumbList\",\"@id\":\"https:\/\/gox.com.br\/para-empresas\/produto\/white-lamp\/#breadcrumb\",\"itemListElement\":[{\"@type\":\"ListItem\",\"position\":1,\"name\":\"In\u00edcio\",\"item\":\"https:\/\/gox.com.br\/para-empresas\/\"},{\"@type\":\"ListItem\",\"position\":2,\"name\":\"Loja\",\"item\":\"https:\/\/gox.com.br\/para-empresas\/loja\/\"},{\"@type\":\"ListItem\",\"position\":3,\"name\":\"White Lamp\"}]},{\"@type\":\"WebSite\",\"@id\":\"https:\/\/gox.com.br\/para-empresas\/#website\",\"url\":\"https:\/\/gox.com.br\/para-empresas\/\",\"name\":\"GOX Internet\",\"description\":\"Solu\u00e7\u00f5es em Conectividade, Telefonia, Servi\u00e7os Digitais, Cloud e Data Center\",\"publisher\":{\"@id\":\"https:\/\/gox.com.br\/para-empresas\/#organization\"},\"alternateName\":\"GOX\",\"potentialAction\":[{\"@type\":\"SearchAction\",\"target\":{\"@type\":\"EntryPoint\",\"urlTemplate\":\"https:\/\/gox.com.br\/para-empresas\/?s={search_term_string}\"},\"query-input\":\"required name=search_term_string\"}],\"inLanguage\":\"pt-BR\"},{\"@type\":\"Organization\",\"@id\":\"https:\/\/gox.com.br\/para-empresas\/#organization\",\"name\":\"GOX Internet\",\"alternateName\":\"GOX\",\"url\":\"https:\/\/gox.com.br\/para-empresas\/\",\"logo\":{\"@type\":\"ImageObject\",\"inLanguage\":\"pt-BR\",\"@id\":\"https:\/\/gox.com.br\/para-empresas\/#\/schema\/logo\/image\/\",\"url\":\"https:\/\/gox.com.br\/para-empresas\/wp-content\/uploads\/2023\/01\/logo.png\",\"contentUrl\":\"https:\/\/gox.com.br\/para-empresas\/wp-content\/uploads\/2023\/01\/logo.png\",\"width\":112,\"height\":112,\"caption\":\"GOX Internet\"},\"image\":{\"@id\":\"https:\/\/gox.com.br\/para-empresas\/#\/schema\/logo\/image\/\"},\"sameAs\":[\"https:\/\/www.facebook.com\/goxinternet\",\"https:\/\/www.instagram.com\/goxinternet\/\"]}]}<\/script>\n<!-- \/ Yoast SEO Premium plugin. -->","yoast_head_json":{"title":"White Lamp - GOX","robots":{"index":"index","follow":"follow","max-snippet":"max-snippet:-1","max-image-preview":"max-image-preview:large","max-video-preview":"max-video-preview:-1"},"canonical":"https:\/\/gox.com.br\/para-empresas\/produto\/white-lamp\/","og_locale":"pt_BR","og_type":"article","og_title":"White Lamp","og_description":"Duis aute irure dolor in reprehenderit in voluptate velit esse cillum dolore eu fugiat nulla pariatur. Excepteur sint occaecat cupidatat non proident, sunt in culpa qui officia deserunt mollit anim id est laborum.","og_url":"https:\/\/gox.com.br\/para-empresas\/produto\/white-lamp\/","og_site_name":"GOX","article_publisher":"https:\/\/www.facebook.com\/goxinternet","article_modified_time":"2024-03-07T17:50:08+00:00","og_image":[{"width":680,"height":680,"url":"https:\/\/gox.com.br\/para-empresas\/wp-content\/uploads\/2020\/12\/shop_1..jpg","type":"image\/jpeg"}],"twitter_card":"summary_large_image","schema":{"@context":"https:\/\/schema.org","@graph":[{"@type":"WebPage","@id":"https:\/\/gox.com.br\/para-empresas\/produto\/white-lamp\/","url":"https:\/\/gox.com.br\/para-empresas\/produto\/white-lamp\/","name":"White Lamp - GOX","isPartOf":{"@id":"https:\/\/gox.com.br\/para-empresas\/#website"},"datePublished":"2020-12-20T08:32:00+00:00","dateModified":"2024-03-07T17:50:08+00:00","breadcrumb":{"@id":"https:\/\/gox.com.br\/para-empresas\/produto\/white-lamp\/#breadcrumb"},"inLanguage":"pt-BR","potentialAction":[{"@type":"ReadAction","target":["https:\/\/gox.com.br\/para-empresas\/produto\/white-lamp\/"]}]},{"@type":"BreadcrumbList","@id":"https:\/\/gox.com.br\/para-empresas\/produto\/white-lamp\/#breadcrumb","itemListElement":[{"@type":"ListItem","position":1,"name":"In\u00edcio","item":"https:\/\/gox.com.br\/para-empresas\/"},{"@type":"ListItem","position":2,"name":"Loja","item":"https:\/\/gox.com.br\/para-empresas\/loja\/"},{"@type":"ListItem","position":3,"name":"White Lamp"}]},{"@type":"WebSite","@id":"https:\/\/gox.com.br\/para-empresas\/#website","url":"https:\/\/gox.com.br\/para-empresas\/","name":"GOX Internet","description":"Solu\u00e7\u00f5es em Conectividade, Telefonia, Servi\u00e7os Digitais, Cloud e Data Center","publisher":{"@id":"https:\/\/gox.com.br\/para-empresas\/#organization"},"alternateName":"GOX","potentialAction":[{"@type":"SearchAction","target":{"@type":"EntryPoint","urlTemplate":"https:\/\/gox.com.br\/para-empresas\/?s={search_term_string}"},"query-input":"required name=search_term_string"}],"inLanguage":"pt-BR"},{"@type":"Organization","@id":"https:\/\/gox.com.br\/para-empresas\/#organization","name":"GOX Internet","alternateName":"GOX","url":"https:\/\/gox.com.br\/para-empresas\/","logo":{"@type":"ImageObject","inLanguage":"pt-BR","@id":"https:\/\/gox.com.br\/para-empresas\/#\/schema\/logo\/image\/","url":"https:\/\/gox.com.br\/para-empresas\/wp-content\/uploads\/2023\/01\/logo.png","contentUrl":"https:\/\/gox.com.br\/para-empresas\/wp-content\/uploads\/2023\/01\/logo.png","width":112,"height":112,"caption":"GOX Internet"},"image":{"@id":"https:\/\/gox.com.br\/para-empresas\/#\/schema\/logo\/image\/"},"sameAs":["https:\/\/www.facebook.com\/goxinternet","https:\/\/www.instagram.com\/goxinternet\/"]}]}},"_links":{"self":[{"href":"https:\/\/gox.com.br\/para-empresas\/wp-json\/wp\/v2\/product\/17588","targetHints":{"allow":["GET"]}}],"collection":[{"href":"https:\/\/gox.com.br\/para-empresas\/wp-json\/wp\/v2\/product"}],"about":[{"href":"https:\/\/gox.com.br\/para-empresas\/wp-json\/wp\/v2\/types\/product"}],"replies":[{"embeddable":true,"href":"https:\/\/gox.com.br\/para-empresas\/wp-json\/wp\/v2\/comments?post=17588"}],"wp:featuredmedia":[{"embeddable":true,"href":"https:\/\/gox.com.br\/para-empresas\/wp-json\/wp\/v2\/media\/17769"}],"wp:attachment":[{"href":"https:\/\/gox.com.br\/para-empresas\/wp-json\/wp\/v2\/media?parent=17588"}],"wp:term":[{"taxonomy":"product_brand","embeddable":true,"href":"https:\/\/gox.com.br\/para-empresas\/wp-json\/wp\/v2\/product_brand?post=17588"},{"taxonomy":"product_cat","embeddable":true,"href":"https:\/\/gox.com.br\/para-empresas\/wp-json\/wp\/v2\/product_cat?post=17588"},{"taxonomy":"product_tag","embeddable":true,"href":"https:\/\/gox.com.br\/para-empresas\/wp-json\/wp\/v2\/product_tag?post=17588"}],"curies":[{"name":"wp","href":"https:\/\/api.w.org\/{rel}","templated":true}]}}